{"id":109,"date":"2018-10-07T12:11:57","date_gmt":"2018-10-07T12:11:57","guid":{"rendered":"https:\/\/isojaervi.ch\/?page_id=109"},"modified":"2018-10-08T15:09:38","modified_gmt":"2018-10-08T15:09:38","slug":"membership-join","status":"publish","type":"page","link":"https:\/\/isojaervi.ch\/?page_id=109","title":{"rendered":"Mitglied werden"},"content":{"rendered":"<p><strong>Gratis Mitglied werden<\/strong><\/p>\n<p>Du erh\u00e4lst unlimitierten Zugriff auf s\u00e4mtliche gesch\u00fctzen Bereiche dieser Webseite.<\/p>\n<p><em><strong>Preis: Gratis!<\/strong><\/em><\/p>\n<p>Link the following image to go to the Registration Page if you want your visitors to be able to create a free membership account<\/p>\n<p><a href=\"https:\/\/isojaervi.ch\/?page_id=110\"><img loading=\"lazy\" decoding=\"async\" class=\"alignnone\" title=\"Join Now\" src=\"https:\/\/isojaervi.ch\/wp-content\/plugins\/simple-membership\/images\/join-now-button-image.gif\" alt=\"Jetzt Mitglied werden\" width=\"277\" height=\"82\" \/><\/a><\/p>\n<p style=\"border-bottom: 1px solid #ccc; padding-bottom: 10px; margin-bottom: 10px;\">\n","protected":false},"excerpt":{"rendered":"<p>Gratis Mitglied werden Du erh\u00e4lst unlimitierten Zugriff auf s\u00e4mtliche gesch\u00fctzen Bereiche dieser Webseite. Preis: Gratis! Link the following image to go to the Registration Page if you want your visitors to be able to create a free membership account<\/p>\n","protected":false},"author":4,"featured_media":0,"parent":0,"menu_order":0,"comment_status":"closed","ping_status":"closed","template":"","meta":{"footnotes":""},"_links":{"self":[{"href":"https:\/\/isojaervi.ch\/index.php?rest_route=\/wp\/v2\/pages\/109"}],"collection":[{"href":"https:\/\/isojaervi.ch\/index.php?rest_route=\/wp\/v2\/pages"}],"about":[{"href":"https:\/\/isojaervi.ch\/index.php?rest_route=\/wp\/v2\/types\/page"}],"author":[{"embeddable":true,"href":"https:\/\/isojaervi.ch\/index.php?rest_route=\/wp\/v2\/users\/4"}],"replies":[{"embeddable":true,"href":"https:\/\/isojaervi.ch\/index.php?rest_route=%2Fwp%2Fv2%2Fcomments&post=109"}],"version-history":[{"count":4,"href":"https:\/\/isojaervi.ch\/index.php?rest_route=\/wp\/v2\/pages\/109\/revisions"}],"predecessor-version":[{"id":124,"href":"https:\/\/isojaervi.ch\/index.php?rest_route=\/wp\/v2\/pages\/109\/revisions\/124"}],"wp:attachment":[{"href":"https:\/\/isojaervi.ch\/index.php?rest_route=%2Fwp%2Fv2%2Fmedia&parent=109"}],"curies":[{"name":"wp","href":"https:\/\/api.w.org\/{rel}","templated":true}]}}