{"id":9,"date":"2018-10-07T08:06:23","date_gmt":"2018-10-07T08:06:23","guid":{"rendered":"https:\/\/isojaervi.ch\/?page_id=9"},"modified":"2018-10-07T09:11:42","modified_gmt":"2018-10-07T09:11:42","slug":"ueber-uns","status":"publish","type":"page","link":"https:\/\/isojaervi.ch\/?page_id=9","title":{"rendered":"\u00dcber uns"},"content":{"rendered":"<p>Diese Seite ist nur f\u00fcr den Privatgebrauch bestimmt. S\u00e4mtliche Impressionen sind in Lappland entstanden.<\/p>\n","protected":false},"excerpt":{"rendered":"<p>Diese Seite ist nur f\u00fcr den Privatgebrauch bestimmt. S\u00e4mtliche Impressionen sind in Lappland entstanden.<\/p>\n","protected":false},"author":4,"featured_media":15,"parent":0,"menu_order":0,"comment_status":"closed","ping_status":"closed","template":"","meta":{"footnotes":""},"_links":{"self":[{"href":"https:\/\/isojaervi.ch\/index.php?rest_route=\/wp\/v2\/pages\/9"}],"collection":[{"href":"https:\/\/isojaervi.ch\/index.php?rest_route=\/wp\/v2\/pages"}],"about":[{"href":"https:\/\/isojaervi.ch\/index.php?rest_route=\/wp\/v2\/types\/page"}],"author":[{"embeddable":true,"href":"https:\/\/isojaervi.ch\/index.php?rest_route=\/wp\/v2\/users\/4"}],"replies":[{"embeddable":true,"href":"https:\/\/isojaervi.ch\/index.php?rest_route=%2Fwp%2Fv2%2Fcomments&post=9"}],"version-history":[{"count":1,"href":"https:\/\/isojaervi.ch\/index.php?rest_route=\/wp\/v2\/pages\/9\/revisions"}],"predecessor-version":[{"id":20,"href":"https:\/\/isojaervi.ch\/index.php?rest_route=\/wp\/v2\/pages\/9\/revisions\/20"}],"wp:featuredmedia":[{"embeddable":true,"href":"https:\/\/isojaervi.ch\/index.php?rest_route=\/wp\/v2\/media\/15"}],"wp:attachment":[{"href":"https:\/\/isojaervi.ch\/index.php?rest_route=%2Fwp%2Fv2%2Fmedia&parent=9"}],"curies":[{"name":"wp","href":"https:\/\/api.w.org\/{rel}","templated":true}]}}